
{"id":74961,"date":"2025-10-02T08:35:53","date_gmt":"2025-10-02T10:35:53","guid":{"rendered":"https:\/\/palapiniumagnatai.lt\/?post_type=product&#038;p=74961"},"modified":"2025-10-22T06:38:19","modified_gmt":"2025-10-22T08:38:19","slug":"isskleidziama-prekybine-palapine-profi-extreme-6x3m","status":"publish","type":"product","link":"https:\/\/palapiniumagnatai.lt\/en\/produktas\/isskleidziama-prekybine-palapine-profi-extreme-6x3m\/","title":{"rendered":"I\u0161skleid\u017eiama prekybin\u0117 palapin\u0117 PROFI EXTREME 6x3m"},"content":{"rendered":"<p>&nbsp;<\/p>\n<p data-start=\"169\" data-end=\"255\">\n","protected":false},"excerpt":{"rendered":"<p><strong>Dydis:\u00a0 <\/strong>6m x 3m<\/p>\n<p><strong>R\u0117mas: <\/strong>Aliuminis \u0161e\u0161iakampis 57mm<\/p>\n<p><strong>Komplektacija:\u00a0<\/strong>r\u0117mas, stogas, 6 atskiros sienos, transportavimo krep\u0161ys su ratukais<\/p>\n<article class=\"text-token-text-primary w-full focus:outline-none scroll-mt-[calc(var(--header-height)+min(200px,max(70px,20svh)))]\" dir=\"auto\" tabindex=\"-1\" data-turn-id=\"0f897699-55e0-4d87-b8dd-03e7bc57c9e0\" data-testid=\"conversation-turn-2\" data-scroll-anchor=\"false\" data-turn=\"assistant\">\n<div class=\"text-base my-auto mx-auto [--thread-content-margin:--spacing(4)] thread-sm:[--thread-content-margin:--spacing(6)] thread-lg:[--thread-content-margin:--spacing(16)] px-(--thread-content-margin)\">\n<div class=\"[--thread-content-max-width:40rem] thread-lg:[--thread-content-max-width:48rem] mx-auto max-w-(--thread-content-max-width) flex-1 group\/turn-messages focus-visible:outline-hidden relative flex w-full min-w-0 flex-col agent-turn\" tabindex=\"-1\">\n<div class=\"flex max-w-full flex-col grow\">\n<div class=\"min-h-8 text-message relative flex w-full flex-col items-end gap-2 text-start break-words whitespace-normal [.text-message+&amp;]:mt-5\" dir=\"auto\" data-message-author-role=\"assistant\" data-message-id=\"b8239f92-b7fa-433c-915c-223185a2f3e2\" data-message-model-slug=\"gpt-5\">\n<div class=\"flex w-full flex-col gap-1 empty:hidden first:pt-[1px]\">\n<div class=\"markdown prose dark:prose-invert w-full break-words dark markdown-new-styling\">\n<p data-start=\"0\" data-end=\"80\" data-is-last-node=\"\" data-is-only-node=\"\"><em>Yra galimyb\u0117 \u012fsigyti atskiras palapin\u0117s dalis<\/em><\/p>\n<\/div>\n<\/div>\n<\/div>\n<\/div>\n<\/div>\n<\/div>\n<\/article>\n","protected":false},"featured_media":75872,"template":"","meta":{"_acf_changed":false,"inline_featured_image":false},"product_brand":[],"product_cat":[1848,1891],"product_tag":[],"class_list":{"0":"post-74961","1":"product","2":"type-product","3":"status-publish","4":"has-post-thumbnail","6":"product_cat-shop","7":"product_cat-tents-pavilions","9":"first","10":"instock","11":"shipping-taxable","12":"purchasable","13":"product-type-variable","14":"has-default-attributes"},"supplier_id":null,"supplier_sku":"","barcode":null,"atum_controlled":true,"out_stock_date":null,"out_stock_threshold":null,"inheritable":true,"inbound_stock":null,"stock_on_hold":null,"sold_today":null,"sales_last_days":null,"reserved_stock":null,"customer_returns":null,"warehouse_damage":null,"lost_in_post":null,"other_logs":null,"out_stock_days":null,"lost_sales":null,"has_location":false,"update_date":"2025-10-22T08:38:21","atum_locations":[],"atum_stock_status":"instock","restock_status":false,"low_stock_amount":"","sales_update_date":null,"calc_backorders":null,"acf":[],"yoast_head":"<!-- This site is optimized with the Yoast SEO plugin v27.3 - https:\/\/yoast.com\/product\/yoast-seo-wordpress\/ -->\n<title>I\u0161skleid\u017eiama prekybin\u0117 palapin\u0117 PROFI EXTREME 6x3m - Palapini\u0173 magnatai<\/title>\n<meta name=\"robots\" content=\"index, follow, max-snippet:-1, max-image-preview:large, max-video-preview:-1\" \/>\n<link rel=\"canonical\" href=\"https:\/\/palapiniumagnatai.lt\/produktas\/isskleidziama-prekybine-palapine-profi-extreme-6x3m\/\" \/>\n<meta property=\"og:locale\" content=\"en_US\" \/>\n<meta property=\"og:type\" content=\"article\" \/>\n<meta property=\"og:title\" content=\"I\u0161skleid\u017eiama prekybin\u0117 palapin\u0117 PROFI EXTREME 6x3m - Palapini\u0173 magnatai\" \/>\n<meta property=\"og:description\" content=\"Dydis:\u00a0 6m x 3m  R\u0117mas: Aliuminis \u0161e\u0161iakampis 57mm  Komplektacija:\u00a0r\u0117mas, stogas, 6 atskiros sienos, transportavimo krep\u0161ys su ratukais         Yra galimyb\u0117 \u012fsigyti atskiras palapin\u0117s dalis\" \/>\n<meta property=\"og:url\" content=\"https:\/\/palapiniumagnatai.lt\/produktas\/isskleidziama-prekybine-palapine-profi-extreme-6x3m\/\" \/>\n<meta property=\"og:site_name\" content=\"Palapini\u0173 magnatai\" \/>\n<meta property=\"article:modified_time\" content=\"2025-10-22T08:38:19+00:00\" \/>\n<meta property=\"og:image\" content=\"https:\/\/palapiniumagnatai.lt\/wp-content\/uploads\/2025\/10\/1-19.jpg\" \/>\n\t<meta property=\"og:image:width\" content=\"1280\" \/>\n\t<meta property=\"og:image:height\" content=\"720\" \/>\n\t<meta property=\"og:image:type\" content=\"image\/jpeg\" \/>\n<meta name=\"twitter:card\" content=\"summary_large_image\" \/>\n<meta name=\"twitter:label1\" content=\"Est. reading time\" \/>\n\t<meta name=\"twitter:data1\" content=\"1 minute\" \/>\n<script type=\"application\/ld+json\" class=\"yoast-schema-graph\">{\"@context\":\"https:\\\/\\\/schema.org\",\"@graph\":[{\"@type\":\"WebPage\",\"@id\":\"https:\\\/\\\/palapiniumagnatai.lt\\\/produktas\\\/isskleidziama-prekybine-palapine-profi-extreme-6x3m\\\/\",\"url\":\"https:\\\/\\\/palapiniumagnatai.lt\\\/produktas\\\/isskleidziama-prekybine-palapine-profi-extreme-6x3m\\\/\",\"name\":\"I\u0161skleid\u017eiama prekybin\u0117 palapin\u0117 PROFI EXTREME 6x3m - Palapini\u0173 magnatai\",\"isPartOf\":{\"@id\":\"https:\\\/\\\/palapiniumagnatai.lt\\\/#website\"},\"primaryImageOfPage\":{\"@id\":\"https:\\\/\\\/palapiniumagnatai.lt\\\/produktas\\\/isskleidziama-prekybine-palapine-profi-extreme-6x3m\\\/#primaryimage\"},\"image\":{\"@id\":\"https:\\\/\\\/palapiniumagnatai.lt\\\/produktas\\\/isskleidziama-prekybine-palapine-profi-extreme-6x3m\\\/#primaryimage\"},\"thumbnailUrl\":\"https:\\\/\\\/palapiniumagnatai.lt\\\/wp-content\\\/uploads\\\/2025\\\/10\\\/1-19.jpg\",\"datePublished\":\"2025-10-02T10:35:53+00:00\",\"dateModified\":\"2025-10-22T08:38:19+00:00\",\"breadcrumb\":{\"@id\":\"https:\\\/\\\/palapiniumagnatai.lt\\\/produktas\\\/isskleidziama-prekybine-palapine-profi-extreme-6x3m\\\/#breadcrumb\"},\"inLanguage\":\"en-US\",\"potentialAction\":[{\"@type\":\"ReadAction\",\"target\":[\"https:\\\/\\\/palapiniumagnatai.lt\\\/produktas\\\/isskleidziama-prekybine-palapine-profi-extreme-6x3m\\\/\"]}]},{\"@type\":\"ImageObject\",\"inLanguage\":\"en-US\",\"@id\":\"https:\\\/\\\/palapiniumagnatai.lt\\\/produktas\\\/isskleidziama-prekybine-palapine-profi-extreme-6x3m\\\/#primaryimage\",\"url\":\"https:\\\/\\\/palapiniumagnatai.lt\\\/wp-content\\\/uploads\\\/2025\\\/10\\\/1-19.jpg\",\"contentUrl\":\"https:\\\/\\\/palapiniumagnatai.lt\\\/wp-content\\\/uploads\\\/2025\\\/10\\\/1-19.jpg\",\"width\":1280,\"height\":720},{\"@type\":\"BreadcrumbList\",\"@id\":\"https:\\\/\\\/palapiniumagnatai.lt\\\/produktas\\\/isskleidziama-prekybine-palapine-profi-extreme-6x3m\\\/#breadcrumb\",\"itemListElement\":[{\"@type\":\"ListItem\",\"position\":1,\"name\":\"Home\",\"item\":\"https:\\\/\\\/palapiniumagnatai.lt\\\/en\\\/pagrindinis-3\\\/\"},{\"@type\":\"ListItem\",\"position\":2,\"name\":\"Shop\",\"item\":\"https:\\\/\\\/palapiniumagnatai.lt\\\/en\\\/visa-parduotuve\\\/\"},{\"@type\":\"ListItem\",\"position\":3,\"name\":\"I\u0161skleid\u017eiama prekybin\u0117 palapin\u0117 PROFI EXTREME 6x3m\"}]},{\"@type\":\"WebSite\",\"@id\":\"https:\\\/\\\/palapiniumagnatai.lt\\\/#website\",\"url\":\"https:\\\/\\\/palapiniumagnatai.lt\\\/\",\"name\":\"Palapini\u0173 magnatai\",\"description\":\"Palapini\u0173 nuoma ir pardavimas\",\"publisher\":{\"@id\":\"https:\\\/\\\/palapiniumagnatai.lt\\\/#organization\"},\"potentialAction\":[{\"@type\":\"SearchAction\",\"target\":{\"@type\":\"EntryPoint\",\"urlTemplate\":\"https:\\\/\\\/palapiniumagnatai.lt\\\/?s={search_term_string}\"},\"query-input\":{\"@type\":\"PropertyValueSpecification\",\"valueRequired\":true,\"valueName\":\"search_term_string\"}}],\"inLanguage\":\"en-US\"},{\"@type\":\"Organization\",\"@id\":\"https:\\\/\\\/palapiniumagnatai.lt\\\/#organization\",\"name\":\"Palapini\u0173 magnatai\",\"url\":\"https:\\\/\\\/palapiniumagnatai.lt\\\/\",\"logo\":{\"@type\":\"ImageObject\",\"inLanguage\":\"en-US\",\"@id\":\"https:\\\/\\\/palapiniumagnatai.lt\\\/#\\\/schema\\\/logo\\\/image\\\/\",\"url\":\"https:\\\/\\\/palapiniumagnatai.lt\\\/wp-content\\\/uploads\\\/2017\\\/12\\\/logo-pm.png\",\"contentUrl\":\"https:\\\/\\\/palapiniumagnatai.lt\\\/wp-content\\\/uploads\\\/2017\\\/12\\\/logo-pm.png\",\"width\":130,\"height\":72,\"caption\":\"Palapini\u0173 magnatai\"},\"image\":{\"@id\":\"https:\\\/\\\/palapiniumagnatai.lt\\\/#\\\/schema\\\/logo\\\/image\\\/\"}}]}<\/script>\n<!-- \/ Yoast SEO plugin. -->","yoast_head_json":{"title":"I\u0161skleid\u017eiama prekybin\u0117 palapin\u0117 PROFI EXTREME 6x3m - Palapini\u0173 magnatai","robots":{"index":"index","follow":"follow","max-snippet":"max-snippet:-1","max-image-preview":"max-image-preview:large","max-video-preview":"max-video-preview:-1"},"canonical":"https:\/\/palapiniumagnatai.lt\/produktas\/isskleidziama-prekybine-palapine-profi-extreme-6x3m\/","og_locale":"en_US","og_type":"article","og_title":"I\u0161skleid\u017eiama prekybin\u0117 palapin\u0117 PROFI EXTREME 6x3m - Palapini\u0173 magnatai","og_description":"Dydis:\u00a0 6m x 3m  R\u0117mas: Aliuminis \u0161e\u0161iakampis 57mm  Komplektacija:\u00a0r\u0117mas, stogas, 6 atskiros sienos, transportavimo krep\u0161ys su ratukais         Yra galimyb\u0117 \u012fsigyti atskiras palapin\u0117s dalis","og_url":"https:\/\/palapiniumagnatai.lt\/produktas\/isskleidziama-prekybine-palapine-profi-extreme-6x3m\/","og_site_name":"Palapini\u0173 magnatai","article_modified_time":"2025-10-22T08:38:19+00:00","og_image":[{"width":1280,"height":720,"url":"https:\/\/palapiniumagnatai.lt\/wp-content\/uploads\/2025\/10\/1-19.jpg","type":"image\/jpeg"}],"twitter_card":"summary_large_image","twitter_misc":{"Est. reading time":"1 minute"},"schema":{"@context":"https:\/\/schema.org","@graph":[{"@type":"WebPage","@id":"https:\/\/palapiniumagnatai.lt\/produktas\/isskleidziama-prekybine-palapine-profi-extreme-6x3m\/","url":"https:\/\/palapiniumagnatai.lt\/produktas\/isskleidziama-prekybine-palapine-profi-extreme-6x3m\/","name":"I\u0161skleid\u017eiama prekybin\u0117 palapin\u0117 PROFI EXTREME 6x3m - Palapini\u0173 magnatai","isPartOf":{"@id":"https:\/\/palapiniumagnatai.lt\/#website"},"primaryImageOfPage":{"@id":"https:\/\/palapiniumagnatai.lt\/produktas\/isskleidziama-prekybine-palapine-profi-extreme-6x3m\/#primaryimage"},"image":{"@id":"https:\/\/palapiniumagnatai.lt\/produktas\/isskleidziama-prekybine-palapine-profi-extreme-6x3m\/#primaryimage"},"thumbnailUrl":"https:\/\/palapiniumagnatai.lt\/wp-content\/uploads\/2025\/10\/1-19.jpg","datePublished":"2025-10-02T10:35:53+00:00","dateModified":"2025-10-22T08:38:19+00:00","breadcrumb":{"@id":"https:\/\/palapiniumagnatai.lt\/produktas\/isskleidziama-prekybine-palapine-profi-extreme-6x3m\/#breadcrumb"},"inLanguage":"en-US","potentialAction":[{"@type":"ReadAction","target":["https:\/\/palapiniumagnatai.lt\/produktas\/isskleidziama-prekybine-palapine-profi-extreme-6x3m\/"]}]},{"@type":"ImageObject","inLanguage":"en-US","@id":"https:\/\/palapiniumagnatai.lt\/produktas\/isskleidziama-prekybine-palapine-profi-extreme-6x3m\/#primaryimage","url":"https:\/\/palapiniumagnatai.lt\/wp-content\/uploads\/2025\/10\/1-19.jpg","contentUrl":"https:\/\/palapiniumagnatai.lt\/wp-content\/uploads\/2025\/10\/1-19.jpg","width":1280,"height":720},{"@type":"BreadcrumbList","@id":"https:\/\/palapiniumagnatai.lt\/produktas\/isskleidziama-prekybine-palapine-profi-extreme-6x3m\/#breadcrumb","itemListElement":[{"@type":"ListItem","position":1,"name":"Home","item":"https:\/\/palapiniumagnatai.lt\/en\/pagrindinis-3\/"},{"@type":"ListItem","position":2,"name":"Shop","item":"https:\/\/palapiniumagnatai.lt\/en\/visa-parduotuve\/"},{"@type":"ListItem","position":3,"name":"I\u0161skleid\u017eiama prekybin\u0117 palapin\u0117 PROFI EXTREME 6x3m"}]},{"@type":"WebSite","@id":"https:\/\/palapiniumagnatai.lt\/#website","url":"https:\/\/palapiniumagnatai.lt\/","name":"Palapini\u0173 magnatai","description":"Palapini\u0173 nuoma ir pardavimas","publisher":{"@id":"https:\/\/palapiniumagnatai.lt\/#organization"},"potentialAction":[{"@type":"SearchAction","target":{"@type":"EntryPoint","urlTemplate":"https:\/\/palapiniumagnatai.lt\/?s={search_term_string}"},"query-input":{"@type":"PropertyValueSpecification","valueRequired":true,"valueName":"search_term_string"}}],"inLanguage":"en-US"},{"@type":"Organization","@id":"https:\/\/palapiniumagnatai.lt\/#organization","name":"Palapini\u0173 magnatai","url":"https:\/\/palapiniumagnatai.lt\/","logo":{"@type":"ImageObject","inLanguage":"en-US","@id":"https:\/\/palapiniumagnatai.lt\/#\/schema\/logo\/image\/","url":"https:\/\/palapiniumagnatai.lt\/wp-content\/uploads\/2017\/12\/logo-pm.png","contentUrl":"https:\/\/palapiniumagnatai.lt\/wp-content\/uploads\/2017\/12\/logo-pm.png","width":130,"height":72,"caption":"Palapini\u0173 magnatai"},"image":{"@id":"https:\/\/palapiniumagnatai.lt\/#\/schema\/logo\/image\/"}}]}},"_links":{"self":[{"href":"https:\/\/palapiniumagnatai.lt\/en\/wp-json\/wp\/v2\/product\/74961","targetHints":{"allow":["GET"]}}],"collection":[{"href":"https:\/\/palapiniumagnatai.lt\/en\/wp-json\/wp\/v2\/product"}],"about":[{"href":"https:\/\/palapiniumagnatai.lt\/en\/wp-json\/wp\/v2\/types\/product"}],"wp:featuredmedia":[{"embeddable":true,"href":"https:\/\/palapiniumagnatai.lt\/en\/wp-json\/wp\/v2\/media\/75872"}],"wp:attachment":[{"href":"https:\/\/palapiniumagnatai.lt\/en\/wp-json\/wp\/v2\/media?parent=74961"}],"wp:term":[{"taxonomy":"product_brand","embeddable":true,"href":"https:\/\/palapiniumagnatai.lt\/en\/wp-json\/wp\/v2\/product_brand?post=74961"},{"taxonomy":"product_cat","embeddable":true,"href":"https:\/\/palapiniumagnatai.lt\/en\/wp-json\/wp\/v2\/product_cat?post=74961"},{"taxonomy":"product_tag","embeddable":true,"href":"https:\/\/palapiniumagnatai.lt\/en\/wp-json\/wp\/v2\/product_tag?post=74961"}],"curies":[{"name":"wp","href":"https:\/\/api.w.org\/{rel}","templated":true}]}}