
{"id":55300,"date":"2018-02-14T12:12:22","date_gmt":"2021-01-12T09:56:23","guid":{"rendered":"https:\/\/palapiniumagnatai.lt\/produktas\/creamy-bamboo-chair-chiavari\/"},"modified":"2021-01-12T07:56:47","modified_gmt":"2021-01-12T09:56:47","slug":"creamy-bamboo-chiavari-chair-2","status":"publish","type":"product","link":"https:\/\/palapiniumagnatai.lt\/en\/produktas\/creamy-bamboo-chiavari-chair-2\/","title":{"rendered":"Creamy bamboo chair &#8220;Chiavari&#8221;"},"content":{"rendered":"<p>[vc_row][vc_column]<div class=\"preloader\"><div class=\"preloader-spin\"><\/div><\/div> <div class=\"gallery-preloader-wrapper\"> <div class=\"row\" style=\"margin-top: -5px\"> <div class=\"grid-inline gaps-margin gallery-style-justified gem-gallery-grid col-lg-12 col-md-12 col-sm-12 columns-2 hover-default item-animation-move-up fullwidth-columns-4\" data-hover=\"default\"> <ul style=\"margin-left: -5px; margin-right: -5px;\" class=\"gallery-set clearfix\" data-max-row-height=\"380\"> <li style=\"padding: 5px\" class=\"gallery-item post-55300 product type-product status-publish has-post-thumbnail product_cat-equipment-rent product_cat-rent product_cat-chairs pa_plotis2-39-cm-en first instock shipping-taxable purchasable product-type-simple\"> <div class=\"wrap \"> <div class=\"overlay-wrap\"> <div class=\"image-wrap \"> <picture> <img decoding=\"async\" src=\"https:\/\/palapiniumagnatai.lt\/wp-content\/uploads\/2018\/02\/Chiavari-thegem-gallery-justified-fullwidth-5x.jpg\" width=\"407\" height=\"370\" class=\"attachment-thegem-gallery-justified-fullwidth-5x\" alt=\"chiavari kede\" \/> <\/picture> <\/div> <div class=\"overlay \"> <div class=\"overlay-circle\"><\/div> <a href=\"https:\/\/palapiniumagnatai.lt\/wp-content\/uploads\/2018\/02\/Chiavari.jpg\" class=\"gallery-item-link fancy-gallery\" data-fancybox=\"gallery-69e2147f07935\"> <span class=\"slide-info\"> <\/span> <\/a> <div class=\"overlay-content\"> <div class=\"overlay-content-center\"> <div class=\"overlay-content-inner\"> <a href=\"https:\/\/palapiniumagnatai.lt\/wp-content\/uploads\/2018\/02\/Chiavari.jpg\" class=\"icon photo \" > <\/a> <div class=\"overlay-line\"><\/div> <\/div> <\/div> <\/div> <\/div> <\/div> <\/div> <\/li> <li style=\"padding: 5px\" class=\"gallery-item post-55300 product type-product status-publish has-post-thumbnail product_cat-equipment-rent product_cat-rent product_cat-chairs pa_plotis2-39-cm-en instock shipping-taxable purchasable product-type-simple\"> <div class=\"wrap \"> <div class=\"overlay-wrap\"> <div class=\"image-wrap \"> <picture> <img decoding=\"async\" src=\"https:\/\/palapiniumagnatai.lt\/wp-content\/uploads\/2018\/02\/Untitled-5-min-1-1-thegem-gallery-justified-fullwidth-5x.jpg\" width=\"407\" height=\"370\" class=\"attachment-thegem-gallery-justified-fullwidth-5x\" alt=\"Bambukin\u0117 k\u0117d\u0117\" \/> <\/picture> <\/div> <div class=\"overlay \"> <div class=\"overlay-circle\"><\/div> <a href=\"https:\/\/palapiniumagnatai.lt\/wp-content\/uploads\/2018\/02\/Untitled-5-min-1-1.jpg\" class=\"gallery-item-link fancy-gallery\" data-fancybox=\"gallery-69e2147f07935\"> <span class=\"slide-info\"> <\/span> <\/a> <div class=\"overlay-content\"> <div class=\"overlay-content-center\"> <div class=\"overlay-content-inner\"> <a href=\"https:\/\/palapiniumagnatai.lt\/wp-content\/uploads\/2018\/02\/Untitled-5-min-1-1.jpg\" class=\"icon photo \" > <\/a> <div class=\"overlay-line\"><\/div> <\/div> <\/div> <\/div> <\/div> <\/div> <\/div> <\/li> <li style=\"padding: 5px\" class=\"gallery-item post-55300 product type-product status-publish has-post-thumbnail product_cat-equipment-rent product_cat-rent product_cat-chairs pa_plotis2-39-cm-en last instock shipping-taxable purchasable product-type-simple\"> <div class=\"wrap \"> <div class=\"overlay-wrap\"> <div class=\"image-wrap \"> <picture> <img decoding=\"async\" src=\"https:\/\/palapiniumagnatai.lt\/wp-content\/uploads\/2018\/02\/Untitled-3-min-1-2-thegem-gallery-justified-fullwidth-5x.jpg\" width=\"407\" height=\"370\" class=\"attachment-thegem-gallery-justified-fullwidth-5x\" alt=\"Bambukin\u0117 k\u0117d\u0117\" \/> <\/picture> <\/div> <div class=\"overlay \"> <div class=\"overlay-circle\"><\/div> <a href=\"https:\/\/palapiniumagnatai.lt\/wp-content\/uploads\/2018\/02\/Untitled-3-min-1-2.jpg\" class=\"gallery-item-link fancy-gallery\" data-fancybox=\"gallery-69e2147f07935\"> <span class=\"slide-info\"> <\/span> <\/a> <div class=\"overlay-content\"> <div class=\"overlay-content-center\"> <div class=\"overlay-content-inner\"> <a href=\"https:\/\/palapiniumagnatai.lt\/wp-content\/uploads\/2018\/02\/Untitled-3-min-1-2.jpg\" class=\"icon photo \" > <\/a> <div class=\"overlay-line\"><\/div> <\/div> <\/div> <\/div> <\/div> <\/div> <\/div> <\/li> <li style=\"padding: 5px\" class=\"gallery-item post-55300 product type-product status-publish has-post-thumbnail product_cat-equipment-rent product_cat-rent product_cat-chairs pa_plotis2-39-cm-en first instock shipping-taxable purchasable product-type-simple\"> <div class=\"wrap \"> <div class=\"overlay-wrap\"> <div class=\"image-wrap \"> <picture> <img decoding=\"async\" src=\"https:\/\/palapiniumagnatai.lt\/wp-content\/uploads\/2018\/02\/Untitled-4-min-1-1-thegem-gallery-justified-fullwidth-5x.jpg\" width=\"407\" height=\"370\" class=\"attachment-thegem-gallery-justified-fullwidth-5x\" alt=\"Bambukin\u0117 k\u0117d\u0117\" \/> <\/picture> <\/div> <div class=\"overlay \"> <div class=\"overlay-circle\"><\/div> <a href=\"https:\/\/palapiniumagnatai.lt\/wp-content\/uploads\/2018\/02\/Untitled-4-min-1-1.jpg\" class=\"gallery-item-link fancy-gallery\" data-fancybox=\"gallery-69e2147f07935\"> <span class=\"slide-info\"> <\/span> <\/a> <div class=\"overlay-content\"> <div class=\"overlay-content-center\"> <div class=\"overlay-content-inner\"> <a href=\"https:\/\/palapiniumagnatai.lt\/wp-content\/uploads\/2018\/02\/Untitled-4-min-1-1.jpg\" class=\"icon photo \" > <\/a> <div class=\"overlay-line\"><\/div> <\/div> <\/div> <\/div> <\/div> <\/div> <\/div> <\/li> <li style=\"padding: 5px\" class=\"gallery-item post-55300 product type-product status-publish has-post-thumbnail product_cat-equipment-rent product_cat-rent product_cat-chairs pa_plotis2-39-cm-en instock shipping-taxable purchasable product-type-simple\"> <div class=\"wrap \"> <div class=\"overlay-wrap\"> <div class=\"image-wrap \"> <picture> <img decoding=\"async\" src=\"https:\/\/palapiniumagnatai.lt\/wp-content\/uploads\/2018\/02\/Untitled-1-min-30-thegem-gallery-justified-fullwidth-5x.jpg\" width=\"407\" height=\"370\" class=\"attachment-thegem-gallery-justified-fullwidth-5x\" alt=\"Chiavari Limewash\" \/> <\/picture> <\/div> <div class=\"overlay \"> <div class=\"overlay-circle\"><\/div> <a href=\"https:\/\/palapiniumagnatai.lt\/wp-content\/uploads\/2018\/02\/Untitled-1-min-30.jpg\" class=\"gallery-item-link fancy-gallery\" data-fancybox=\"gallery-69e2147f07935\"> <span class=\"slide-info\"> <\/span> <\/a> <div class=\"overlay-content\"> <div class=\"overlay-content-center\"> <div class=\"overlay-content-inner\"> <a href=\"https:\/\/palapiniumagnatai.lt\/wp-content\/uploads\/2018\/02\/Untitled-1-min-30.jpg\" class=\"icon photo \" > <\/a> <div class=\"overlay-line\"><\/div> <\/div> <\/div> <\/div> <\/div> <\/div> <\/div> <\/li> <li style=\"padding: 5px\" class=\"gallery-item post-55300 product type-product status-publish has-post-thumbnail product_cat-equipment-rent product_cat-rent product_cat-chairs pa_plotis2-39-cm-en last instock shipping-taxable purchasable product-type-simple\"> <div class=\"wrap \"> <div class=\"overlay-wrap\"> <div class=\"image-wrap \"> <picture> <img decoding=\"async\" src=\"https:\/\/palapiniumagnatai.lt\/wp-content\/uploads\/2018\/02\/Untitled-3-min-21-thegem-gallery-justified-fullwidth-5x.jpg\" width=\"407\" height=\"370\" class=\"attachment-thegem-gallery-justified-fullwidth-5x\" alt=\"Chiavari Limewash\" \/> <\/picture> <\/div> <div class=\"overlay \"> <div class=\"overlay-circle\"><\/div> <a href=\"https:\/\/palapiniumagnatai.lt\/wp-content\/uploads\/2018\/02\/Untitled-3-min-21.jpg\" class=\"gallery-item-link fancy-gallery\" data-fancybox=\"gallery-69e2147f07935\"> <span class=\"slide-info\"> <\/span> <\/a> <div class=\"overlay-content\"> <div class=\"overlay-content-center\"> <div class=\"overlay-content-inner\"> <a href=\"https:\/\/palapiniumagnatai.lt\/wp-content\/uploads\/2018\/02\/Untitled-3-min-21.jpg\" class=\"icon photo \" > <\/a> <div class=\"overlay-line\"><\/div> <\/div> <\/div> <\/div> <\/div> <\/div> <\/div> <\/li> <li style=\"padding: 5px\" class=\"gallery-item post-55300 product type-product status-publish has-post-thumbnail product_cat-equipment-rent product_cat-rent product_cat-chairs pa_plotis2-39-cm-en first instock shipping-taxable purchasable product-type-simple\"> <div class=\"wrap \"> <div class=\"overlay-wrap\"> <div class=\"image-wrap \"> <picture> <img decoding=\"async\" src=\"https:\/\/palapiniumagnatai.lt\/wp-content\/uploads\/2018\/02\/Untitled-2-min-1-1-thegem-gallery-justified-fullwidth-5x.jpg\" width=\"407\" height=\"370\" class=\"attachment-thegem-gallery-justified-fullwidth-5x\" alt=\"Bambukin\u0117 k\u0117d\u0117\" \/> <\/picture> <\/div> <div class=\"overlay \"> <div class=\"overlay-circle\"><\/div> <a href=\"https:\/\/palapiniumagnatai.lt\/wp-content\/uploads\/2018\/02\/Untitled-2-min-1-1.jpg\" class=\"gallery-item-link fancy-gallery\" data-fancybox=\"gallery-69e2147f07935\"> <span class=\"slide-info\"> <\/span> <\/a> <div class=\"overlay-content\"> <div class=\"overlay-content-center\"> <div class=\"overlay-content-inner\"> <a href=\"https:\/\/palapiniumagnatai.lt\/wp-content\/uploads\/2018\/02\/Untitled-2-min-1-1.jpg\" class=\"icon photo \" > <\/a> <div class=\"overlay-line\"><\/div> <\/div> <\/div> <\/div> <\/div> <\/div> <\/div> <\/li> <li style=\"padding: 5px\" class=\"gallery-item post-55300 product type-product status-publish has-post-thumbnail product_cat-equipment-rent product_cat-rent product_cat-chairs pa_plotis2-39-cm-en instock shipping-taxable purchasable product-type-simple\"> <div class=\"wrap \"> <div class=\"overlay-wrap\"> <div class=\"image-wrap \"> <picture> <img decoding=\"async\" src=\"https:\/\/palapiniumagnatai.lt\/wp-content\/uploads\/2018\/02\/Untitled-1-min-1-1-thegem-gallery-justified-fullwidth-5x.jpg\" width=\"407\" height=\"370\" class=\"attachment-thegem-gallery-justified-fullwidth-5x\" alt=\"Bambukin\u0117 k\u0117d\u0117\" \/> <\/picture> <\/div> <div class=\"overlay \"> <div class=\"overlay-circle\"><\/div> <a href=\"https:\/\/palapiniumagnatai.lt\/wp-content\/uploads\/2018\/02\/Untitled-1-min-1-1.jpg\" class=\"gallery-item-link fancy-gallery\" data-fancybox=\"gallery-69e2147f07935\"> <span class=\"slide-info\"> <\/span> <\/a> <div class=\"overlay-content\"> <div class=\"overlay-content-center\"> <div class=\"overlay-content-inner\"> <a href=\"https:\/\/palapiniumagnatai.lt\/wp-content\/uploads\/2018\/02\/Untitled-1-min-1-1.jpg\" class=\"icon photo \" > <\/a> <div class=\"overlay-line\"><\/div> <\/div> <\/div> <\/div> <\/div> <\/div> <\/div> <\/li> <\/ul> <div class=\"gem-gallery-thumbs-navigation\"><a href=\"#\" class=\"gem-prev gem-gallery-thumbs-prev\" style=\"display: block;\"><\/a><a href=\"#\" class=\"gem-next gem-gallery-thumbs-next\" style=\"display: block;\"><\/a><\/div> <\/div> <\/div> <\/div>[\/vc_column][\/vc_row]<\/p>\n","protected":false},"excerpt":{"rendered":"<p>Creamy bamboo chair &#8220;Chiavari&#8221;. One of our most popular chairs. It&#8217;s a great choice for a wedding, but because of its &#8230;<\/p>\n","protected":false},"featured_media":26421,"template":"","meta":{"_acf_changed":false,"inline_featured_image":false},"product_brand":[],"product_cat":[1838,1821,1843],"product_tag":[],"class_list":{"0":"post-55300","1":"product","2":"type-product","3":"status-publish","4":"has-post-thumbnail","6":"product_cat-equipment-rent","7":"product_cat-rent","8":"product_cat-chairs","9":"pa_plotis2-39-cm-en","11":"last","12":"instock","13":"shipping-taxable","14":"purchasable","15":"product-type-simple"},"supplier_id":null,"supplier_sku":"","barcode":null,"atum_controlled":true,"out_stock_date":null,"out_stock_threshold":null,"inheritable":false,"inbound_stock":0,"stock_on_hold":0,"sold_today":0,"sales_last_days":0,"reserved_stock":0,"customer_returns":0,"warehouse_damage":0,"lost_in_post":0,"other_logs":0,"out_stock_days":0,"lost_sales":0,"has_location":null,"update_date":"2025-01-31T19:31:39","atum_locations":[],"atum_stock_status":"instock","restock_status":false,"low_stock_amount":"","sales_update_date":"2025-01-31T19:31:39","calc_backorders":null,"acf":[],"yoast_head":"<!-- This site is optimized with the Yoast SEO plugin v27.3 - https:\/\/yoast.com\/product\/yoast-seo-wordpress\/ -->\n<title>Creamy bamboo chair &quot;Chiavari&quot; - Palapini\u0173 magnatai<\/title>\n<meta name=\"robots\" content=\"index, follow, max-snippet:-1, max-image-preview:large, max-video-preview:-1\" \/>\n<link rel=\"canonical\" href=\"https:\/\/palapiniumagnatai.lt\/en\/produktas\/creamy-bamboo-chiavari-chair-2\/\" \/>\n<meta property=\"og:locale\" content=\"en_US\" \/>\n<meta property=\"og:type\" content=\"article\" \/>\n<meta property=\"og:title\" content=\"Creamy bamboo chair &quot;Chiavari&quot; - Palapini\u0173 magnatai\" \/>\n<meta property=\"og:description\" content=\"Creamy bamboo chair &quot;Chiavari&quot;. One of our most popular chairs. It&#039;s a great choice for a wedding, but because of its ...\" \/>\n<meta property=\"og:url\" content=\"https:\/\/palapiniumagnatai.lt\/en\/produktas\/creamy-bamboo-chiavari-chair-2\/\" \/>\n<meta property=\"og:site_name\" content=\"Palapini\u0173 magnatai\" \/>\n<meta property=\"article:modified_time\" content=\"2021-01-12T09:56:47+00:00\" \/>\n<meta property=\"og:image\" content=\"https:\/\/palapiniumagnatai.lt\/wp-content\/uploads\/2018\/02\/Kremine-bambukine-Chiavari-kede0.gif\" \/>\n\t<meta property=\"og:image:width\" content=\"1280\" \/>\n\t<meta property=\"og:image:height\" content=\"720\" \/>\n\t<meta property=\"og:image:type\" content=\"image\/gif\" \/>\n<meta name=\"twitter:card\" content=\"summary_large_image\" \/>\n<script type=\"application\/ld+json\" class=\"yoast-schema-graph\">{\"@context\":\"https:\\\/\\\/schema.org\",\"@graph\":[{\"@type\":\"WebPage\",\"@id\":\"https:\\\/\\\/palapiniumagnatai.lt\\\/en\\\/produktas\\\/creamy-bamboo-chiavari-chair-2\\\/\",\"url\":\"https:\\\/\\\/palapiniumagnatai.lt\\\/en\\\/produktas\\\/creamy-bamboo-chiavari-chair-2\\\/\",\"name\":\"Creamy bamboo chair \\\"Chiavari\\\" - Palapini\u0173 magnatai\",\"isPartOf\":{\"@id\":\"https:\\\/\\\/palapiniumagnatai.lt\\\/#website\"},\"primaryImageOfPage\":{\"@id\":\"https:\\\/\\\/palapiniumagnatai.lt\\\/en\\\/produktas\\\/creamy-bamboo-chiavari-chair-2\\\/#primaryimage\"},\"image\":{\"@id\":\"https:\\\/\\\/palapiniumagnatai.lt\\\/en\\\/produktas\\\/creamy-bamboo-chiavari-chair-2\\\/#primaryimage\"},\"thumbnailUrl\":\"https:\\\/\\\/palapiniumagnatai.lt\\\/wp-content\\\/uploads\\\/2018\\\/02\\\/Kremine-bambukine-Chiavari-kede0.gif\",\"datePublished\":\"2021-01-12T09:56:23+00:00\",\"dateModified\":\"2021-01-12T09:56:47+00:00\",\"breadcrumb\":{\"@id\":\"https:\\\/\\\/palapiniumagnatai.lt\\\/en\\\/produktas\\\/creamy-bamboo-chiavari-chair-2\\\/#breadcrumb\"},\"inLanguage\":\"en-US\",\"potentialAction\":[{\"@type\":\"ReadAction\",\"target\":[\"https:\\\/\\\/palapiniumagnatai.lt\\\/en\\\/produktas\\\/creamy-bamboo-chiavari-chair-2\\\/\"]}]},{\"@type\":\"ImageObject\",\"inLanguage\":\"en-US\",\"@id\":\"https:\\\/\\\/palapiniumagnatai.lt\\\/en\\\/produktas\\\/creamy-bamboo-chiavari-chair-2\\\/#primaryimage\",\"url\":\"https:\\\/\\\/palapiniumagnatai.lt\\\/wp-content\\\/uploads\\\/2018\\\/02\\\/Kremine-bambukine-Chiavari-kede0.gif\",\"contentUrl\":\"https:\\\/\\\/palapiniumagnatai.lt\\\/wp-content\\\/uploads\\\/2018\\\/02\\\/Kremine-bambukine-Chiavari-kede0.gif\",\"width\":1280,\"height\":720},{\"@type\":\"BreadcrumbList\",\"@id\":\"https:\\\/\\\/palapiniumagnatai.lt\\\/en\\\/produktas\\\/creamy-bamboo-chiavari-chair-2\\\/#breadcrumb\",\"itemListElement\":[{\"@type\":\"ListItem\",\"position\":1,\"name\":\"Home\",\"item\":\"https:\\\/\\\/palapiniumagnatai.lt\\\/en\\\/pagrindinis-3\\\/\"},{\"@type\":\"ListItem\",\"position\":2,\"name\":\"Shop\",\"item\":\"https:\\\/\\\/palapiniumagnatai.lt\\\/en\\\/visa-parduotuve\\\/\"},{\"@type\":\"ListItem\",\"position\":3,\"name\":\"Creamy bamboo chair &#8220;Chiavari&#8221;\"}]},{\"@type\":\"WebSite\",\"@id\":\"https:\\\/\\\/palapiniumagnatai.lt\\\/#website\",\"url\":\"https:\\\/\\\/palapiniumagnatai.lt\\\/\",\"name\":\"Palapini\u0173 magnatai\",\"description\":\"Palapini\u0173 nuoma ir pardavimas\",\"publisher\":{\"@id\":\"https:\\\/\\\/palapiniumagnatai.lt\\\/#organization\"},\"potentialAction\":[{\"@type\":\"SearchAction\",\"target\":{\"@type\":\"EntryPoint\",\"urlTemplate\":\"https:\\\/\\\/palapiniumagnatai.lt\\\/?s={search_term_string}\"},\"query-input\":{\"@type\":\"PropertyValueSpecification\",\"valueRequired\":true,\"valueName\":\"search_term_string\"}}],\"inLanguage\":\"en-US\"},{\"@type\":\"Organization\",\"@id\":\"https:\\\/\\\/palapiniumagnatai.lt\\\/#organization\",\"name\":\"Palapini\u0173 magnatai\",\"url\":\"https:\\\/\\\/palapiniumagnatai.lt\\\/\",\"logo\":{\"@type\":\"ImageObject\",\"inLanguage\":\"en-US\",\"@id\":\"https:\\\/\\\/palapiniumagnatai.lt\\\/#\\\/schema\\\/logo\\\/image\\\/\",\"url\":\"https:\\\/\\\/palapiniumagnatai.lt\\\/wp-content\\\/uploads\\\/2017\\\/12\\\/logo-pm.png\",\"contentUrl\":\"https:\\\/\\\/palapiniumagnatai.lt\\\/wp-content\\\/uploads\\\/2017\\\/12\\\/logo-pm.png\",\"width\":130,\"height\":72,\"caption\":\"Palapini\u0173 magnatai\"},\"image\":{\"@id\":\"https:\\\/\\\/palapiniumagnatai.lt\\\/#\\\/schema\\\/logo\\\/image\\\/\"}}]}<\/script>\n<!-- \/ Yoast SEO plugin. -->","yoast_head_json":{"title":"Creamy bamboo chair \"Chiavari\" - Palapini\u0173 magnatai","robots":{"index":"index","follow":"follow","max-snippet":"max-snippet:-1","max-image-preview":"max-image-preview:large","max-video-preview":"max-video-preview:-1"},"canonical":"https:\/\/palapiniumagnatai.lt\/en\/produktas\/creamy-bamboo-chiavari-chair-2\/","og_locale":"en_US","og_type":"article","og_title":"Creamy bamboo chair \"Chiavari\" - Palapini\u0173 magnatai","og_description":"Creamy bamboo chair \"Chiavari\". One of our most popular chairs. It's a great choice for a wedding, but because of its ...","og_url":"https:\/\/palapiniumagnatai.lt\/en\/produktas\/creamy-bamboo-chiavari-chair-2\/","og_site_name":"Palapini\u0173 magnatai","article_modified_time":"2021-01-12T09:56:47+00:00","og_image":[{"width":1280,"height":720,"url":"https:\/\/palapiniumagnatai.lt\/wp-content\/uploads\/2018\/02\/Kremine-bambukine-Chiavari-kede0.gif","type":"image\/gif"}],"twitter_card":"summary_large_image","schema":{"@context":"https:\/\/schema.org","@graph":[{"@type":"WebPage","@id":"https:\/\/palapiniumagnatai.lt\/en\/produktas\/creamy-bamboo-chiavari-chair-2\/","url":"https:\/\/palapiniumagnatai.lt\/en\/produktas\/creamy-bamboo-chiavari-chair-2\/","name":"Creamy bamboo chair \"Chiavari\" - Palapini\u0173 magnatai","isPartOf":{"@id":"https:\/\/palapiniumagnatai.lt\/#website"},"primaryImageOfPage":{"@id":"https:\/\/palapiniumagnatai.lt\/en\/produktas\/creamy-bamboo-chiavari-chair-2\/#primaryimage"},"image":{"@id":"https:\/\/palapiniumagnatai.lt\/en\/produktas\/creamy-bamboo-chiavari-chair-2\/#primaryimage"},"thumbnailUrl":"https:\/\/palapiniumagnatai.lt\/wp-content\/uploads\/2018\/02\/Kremine-bambukine-Chiavari-kede0.gif","datePublished":"2021-01-12T09:56:23+00:00","dateModified":"2021-01-12T09:56:47+00:00","breadcrumb":{"@id":"https:\/\/palapiniumagnatai.lt\/en\/produktas\/creamy-bamboo-chiavari-chair-2\/#breadcrumb"},"inLanguage":"en-US","potentialAction":[{"@type":"ReadAction","target":["https:\/\/palapiniumagnatai.lt\/en\/produktas\/creamy-bamboo-chiavari-chair-2\/"]}]},{"@type":"ImageObject","inLanguage":"en-US","@id":"https:\/\/palapiniumagnatai.lt\/en\/produktas\/creamy-bamboo-chiavari-chair-2\/#primaryimage","url":"https:\/\/palapiniumagnatai.lt\/wp-content\/uploads\/2018\/02\/Kremine-bambukine-Chiavari-kede0.gif","contentUrl":"https:\/\/palapiniumagnatai.lt\/wp-content\/uploads\/2018\/02\/Kremine-bambukine-Chiavari-kede0.gif","width":1280,"height":720},{"@type":"BreadcrumbList","@id":"https:\/\/palapiniumagnatai.lt\/en\/produktas\/creamy-bamboo-chiavari-chair-2\/#breadcrumb","itemListElement":[{"@type":"ListItem","position":1,"name":"Home","item":"https:\/\/palapiniumagnatai.lt\/en\/pagrindinis-3\/"},{"@type":"ListItem","position":2,"name":"Shop","item":"https:\/\/palapiniumagnatai.lt\/en\/visa-parduotuve\/"},{"@type":"ListItem","position":3,"name":"Creamy bamboo chair &#8220;Chiavari&#8221;"}]},{"@type":"WebSite","@id":"https:\/\/palapiniumagnatai.lt\/#website","url":"https:\/\/palapiniumagnatai.lt\/","name":"Palapini\u0173 magnatai","description":"Palapini\u0173 nuoma ir pardavimas","publisher":{"@id":"https:\/\/palapiniumagnatai.lt\/#organization"},"potentialAction":[{"@type":"SearchAction","target":{"@type":"EntryPoint","urlTemplate":"https:\/\/palapiniumagnatai.lt\/?s={search_term_string}"},"query-input":{"@type":"PropertyValueSpecification","valueRequired":true,"valueName":"search_term_string"}}],"inLanguage":"en-US"},{"@type":"Organization","@id":"https:\/\/palapiniumagnatai.lt\/#organization","name":"Palapini\u0173 magnatai","url":"https:\/\/palapiniumagnatai.lt\/","logo":{"@type":"ImageObject","inLanguage":"en-US","@id":"https:\/\/palapiniumagnatai.lt\/#\/schema\/logo\/image\/","url":"https:\/\/palapiniumagnatai.lt\/wp-content\/uploads\/2017\/12\/logo-pm.png","contentUrl":"https:\/\/palapiniumagnatai.lt\/wp-content\/uploads\/2017\/12\/logo-pm.png","width":130,"height":72,"caption":"Palapini\u0173 magnatai"},"image":{"@id":"https:\/\/palapiniumagnatai.lt\/#\/schema\/logo\/image\/"}}]}},"_links":{"self":[{"href":"https:\/\/palapiniumagnatai.lt\/en\/wp-json\/wp\/v2\/product\/55300","targetHints":{"allow":["GET"]}}],"collection":[{"href":"https:\/\/palapiniumagnatai.lt\/en\/wp-json\/wp\/v2\/product"}],"about":[{"href":"https:\/\/palapiniumagnatai.lt\/en\/wp-json\/wp\/v2\/types\/product"}],"wp:featuredmedia":[{"embeddable":true,"href":"https:\/\/palapiniumagnatai.lt\/en\/wp-json\/wp\/v2\/media\/26421"}],"wp:attachment":[{"href":"https:\/\/palapiniumagnatai.lt\/en\/wp-json\/wp\/v2\/media?parent=55300"}],"wp:term":[{"taxonomy":"product_brand","embeddable":true,"href":"https:\/\/palapiniumagnatai.lt\/en\/wp-json\/wp\/v2\/product_brand?post=55300"},{"taxonomy":"product_cat","embeddable":true,"href":"https:\/\/palapiniumagnatai.lt\/en\/wp-json\/wp\/v2\/product_cat?post=55300"},{"taxonomy":"product_tag","embeddable":true,"href":"https:\/\/palapiniumagnatai.lt\/en\/wp-json\/wp\/v2\/product_tag?post=55300"}],"curies":[{"name":"wp","href":"https:\/\/api.w.org\/{rel}","templated":true}]}}